{"id":60,"date":"2026-03-12T20:43:02","date_gmt":"2026-03-12T20:43:02","guid":{"rendered":"http:\/\/lapampastudio.com\/?page_id=60"},"modified":"2026-03-25T09:51:27","modified_gmt":"2026-03-25T09:51:27","slug":"productions-realisees","status":"publish","type":"page","link":"https:\/\/lapampastudio.com\/?page_id=60","title":{"rendered":"Discographie"},"content":{"rendered":"\t\t<div data-elementor-type=\"wp-page\" data-elementor-id=\"60\" class=\"elementor elementor-60\">\n\t\t\t\t<div class=\"elementor-element elementor-element-4f7d4db e-flex e-con-boxed e-con e-parent\" data-id=\"4f7d4db\" data-element_type=\"container\" data-e-type=\"container\">\n\t\t\t\t\t<div class=\"e-con-inner\">\n\t\t\t\t<div class=\"elementor-element elementor-element-12c3ce6 elementor-widget elementor-widget-html\" data-id=\"12c3ce6\" data-element_type=\"widget\" data-e-type=\"widget\" data-widget_type=\"html.default\">\n\t\t\t\t\t<iframe data-testid=\"embed-iframe\" style=\"border-radius:12px\" src=\"https:\/\/open.spotify.com\/embed\/playlist\/7gbt3dTc2IahYp7qlaTKZ1?utm_source=generator\" width=\"100%\" height=\"550\" frameBorder=\"0\" allowfullscreen=\"\" allow=\"autoplay; clipboard-write; encrypted-media; fullscreen; picture-in-picture\" loading=\"lazy\"><\/iframe>\t\t\t\t<\/div>\n\t\t\t\t\t<\/div>\n\t\t\t\t<\/div>\n\t\t<div class=\"elementor-element elementor-element-3410a68 e-con-full e-flex e-con e-parent\" data-id=\"3410a68\" data-element_type=\"container\" data-e-type=\"container\">\n\t\t\t\t<div class=\"elementor-element elementor-element-00525ef elementor-arrows-position-inside elementor-pagination-position-outside elementor-widget elementor-widget-image-carousel\" data-id=\"00525ef\" data-element_type=\"widget\" data-e-type=\"widget\" data-settings=\"{&quot;slides_to_show&quot;:&quot;5&quot;,&quot;slides_to_show_tablet&quot;:&quot;5&quot;,&quot;slides_to_scroll_mobile&quot;:&quot;1&quot;,&quot;slides_to_show_mobile&quot;:&quot;3&quot;,&quot;navigation&quot;:&quot;both&quot;,&quot;autoplay&quot;:&quot;yes&quot;,&quot;pause_on_hover&quot;:&quot;yes&quot;,&quot;pause_on_interaction&quot;:&quot;yes&quot;,&quot;autoplay_speed&quot;:5000,&quot;infinite&quot;:&quot;yes&quot;,&quot;speed&quot;:500}\" data-widget_type=\"image-carousel.default\">\n\t\t\t\t\t\t\t<div class=\"elementor-image-carousel-wrapper swiper\" role=\"region\" aria-roledescription=\"carousel\" aria-label=\"Carrusel de im\u00e1genes\" dir=\"ltr\">\n\t\t\t<div class=\"elementor-image-carousel swiper-wrapper\" aria-live=\"off\">\n\t\t\t\t\t\t\t\t<div class=\"swiper-slide\" role=\"group\" aria-roledescription=\"slide\" aria-label=\"1 de 16\"><figure class=\"swiper-slide-inner\"><img decoding=\"async\" class=\"swiper-slide-image\" src=\"http:\/\/lapampastudio.com\/wp-content\/uploads\/2026\/03\/3000x3000-691058-20564093-F587-47C3-B7C95D0F50773195-mod-1628856592-2048x2048-1-150x150.jpg\" alt=\"3000x3000-691058-20564093-F587-47C3-B7C95D0F50773195-mod-1628856592-2048x2048\" \/><\/figure><\/div><div class=\"swiper-slide\" role=\"group\" aria-roledescription=\"slide\" aria-label=\"2 de 16\"><figure class=\"swiper-slide-inner\"><img decoding=\"async\" class=\"swiper-slide-image\" src=\"http:\/\/lapampastudio.com\/wp-content\/uploads\/2026\/03\/Captura-de-pantalla-2024-12-17-a-las-11.19.49-1015x1024-1-150x150.png\" alt=\"Captura-de-pantalla-2024-12-17-a-las-11.19.49-1015x1024\" \/><\/figure><\/div><div class=\"swiper-slide\" role=\"group\" aria-roledescription=\"slide\" aria-label=\"3 de 16\"><figure class=\"swiper-slide-inner\"><img decoding=\"async\" class=\"swiper-slide-image\" src=\"http:\/\/lapampastudio.com\/wp-content\/uploads\/2026\/03\/3000x3000-691058-93EDC4BE-28FE-4BA0-8073559EAA084431-0-140253-282c8db613c542b3bfdeec5d113dc126-2048x2048-1-150x150.jpg\" alt=\"3000x3000-691058-93EDC4BE-28FE-4BA0-8073559EAA084431-0-140253-282c8db613c542b3bfdeec5d113dc126-2048x2048\" \/><\/figure><\/div><div class=\"swiper-slide\" role=\"group\" aria-roledescription=\"slide\" aria-label=\"4 de 16\"><figure class=\"swiper-slide-inner\"><img decoding=\"async\" class=\"swiper-slide-image\" src=\"http:\/\/lapampastudio.com\/wp-content\/uploads\/2026\/03\/3000x3000-691058-CB1CFE01-1964-4AD9-BC4256E26BA34995-0-1291881-PORTADAMUSICA-2048x2048-1-150x150.jpg\" alt=\"3000x3000-691058-CB1CFE01-1964-4AD9-BC4256E26BA34995-0-1291881-PORTADAMUSICA-2048x2048\" \/><\/figure><\/div><div class=\"swiper-slide\" role=\"group\" aria-roledescription=\"slide\" aria-label=\"5 de 16\"><figure class=\"swiper-slide-inner\"><img decoding=\"async\" class=\"swiper-slide-image\" src=\"http:\/\/lapampastudio.com\/wp-content\/uploads\/2026\/03\/3000x3000-691058-2FEF920C-5217-4A2E-AC6989BB59CD3649-1617078780133-IllarekLlantodeamor-2048x2048-1-150x150.jpg\" alt=\"3000x3000-691058-2FEF920C-5217-4A2E-AC6989BB59CD3649-1617078780133-IllarekLlantodeamor-2048x2048\" \/><\/figure><\/div><div class=\"swiper-slide\" role=\"group\" aria-roledescription=\"slide\" aria-label=\"6 de 16\"><figure class=\"swiper-slide-inner\"><img decoding=\"async\" class=\"swiper-slide-image\" src=\"http:\/\/lapampastudio.com\/wp-content\/uploads\/2026\/03\/691058-00DDDF09-FAA1-49D0-B99F58B772E9E2A6-1498853690986-CarPorsiempre-2048x2048-1-150x150.jpg\" alt=\"691058-00DDDF09-FAA1-49D0-B99F58B772E9E2A6-1498853690986-CarPorsiempre-2048x2048\" \/><\/figure><\/div><div class=\"swiper-slide\" role=\"group\" aria-roledescription=\"slide\" aria-label=\"7 de 16\"><figure class=\"swiper-slide-inner\"><img decoding=\"async\" class=\"swiper-slide-image\" src=\"http:\/\/lapampastudio.com\/wp-content\/uploads\/2026\/03\/691058-46F114DC-E88D-4A65-A31B579343561A27-1568647442940-JulioPortillamussedelamusique1-2048x2048-1-150x150.jpg\" alt=\"691058-46F114DC-E88D-4A65-A31B579343561A27-1568647442940-JulioPortillamussedelamusique1-2048x2048\" \/><\/figure><\/div><div class=\"swiper-slide\" role=\"group\" aria-roledescription=\"slide\" aria-label=\"8 de 16\"><figure class=\"swiper-slide-inner\"><img decoding=\"async\" class=\"swiper-slide-image\" src=\"http:\/\/lapampastudio.com\/wp-content\/uploads\/2026\/03\/3000x3000-691058-08C32BE8-4388-4A76-80273CBD3E1CB9D0-1617034731428-CaratulaYodiAngelito2-2048x2048-1-150x150.jpg\" alt=\"3000x3000-691058-08C32BE8-4388-4A76-80273CBD3E1CB9D0-1617034731428-CaratulaYodiAngelito2-2048x2048\" \/><\/figure><\/div><div class=\"swiper-slide\" role=\"group\" aria-roledescription=\"slide\" aria-label=\"9 de 16\"><figure class=\"swiper-slide-inner\"><img decoding=\"async\" class=\"swiper-slide-image\" src=\"http:\/\/lapampastudio.com\/wp-content\/uploads\/2026\/03\/691058-2C142685-FB2C-49F2-8EFB753C8BA504F5-1498839127530-DisenoMujerCAmpesina01-2048x2048-1-150x150.jpg\" alt=\"691058-2C142685-FB2C-49F2-8EFB753C8BA504F5-1498839127530-DisenoMujerCAmpesina01-2048x2048\" \/><\/figure><\/div><div class=\"swiper-slide\" role=\"group\" aria-roledescription=\"slide\" aria-label=\"10 de 16\"><figure class=\"swiper-slide-inner\"><img decoding=\"async\" class=\"swiper-slide-image\" src=\"http:\/\/lapampastudio.com\/wp-content\/uploads\/2026\/03\/3000x3000-691058-6B8FEAFD-DD33-444D-A967AE9E6434D252-0-700696-IMG4462-1-2048x2048-1-150x150.jpg\" alt=\"3000x3000-691058-6B8FEAFD-DD33-444D-A967AE9E6434D252-0-700696-IMG4462-1-2048x2048\" \/><\/figure><\/div><div class=\"swiper-slide\" role=\"group\" aria-roledescription=\"slide\" aria-label=\"11 de 16\"><figure class=\"swiper-slide-inner\"><img decoding=\"async\" class=\"swiper-slide-image\" src=\"http:\/\/lapampastudio.com\/wp-content\/uploads\/2026\/03\/3000x3000-691058-A61052FF-D214-4610-90FA04BDAFE62CF1-1639048723618-YODIDistrokids-2048x2048-1-150x150.jpg\" alt=\"3000x3000-691058-A61052FF-D214-4610-90FA04BDAFE62CF1-1639048723618-YODIDistrokids-2048x2048\" \/><\/figure><\/div><div class=\"swiper-slide\" role=\"group\" aria-roledescription=\"slide\" aria-label=\"12 de 16\"><figure class=\"swiper-slide-inner\"><img decoding=\"async\" class=\"swiper-slide-image\" src=\"http:\/\/lapampastudio.com\/wp-content\/uploads\/2026\/03\/Captura-de-pantalla-2024-12-17-a-las-11.18.56-1019x1024-1-150x150.png\" alt=\"Captura-de-pantalla-2024-12-17-a-las-11.18.56-1019x1024\" \/><\/figure><\/div><div class=\"swiper-slide\" role=\"group\" aria-roledescription=\"slide\" aria-label=\"13 de 16\"><figure class=\"swiper-slide-inner\"><img decoding=\"async\" class=\"swiper-slide-image\" src=\"http:\/\/lapampastudio.com\/wp-content\/uploads\/2026\/03\/691058-731FA3CA-278E-417A-A8DD381885C63C23-1498881428303-CarViajedeSuenos-2048x2048-1-150x150.jpg\" alt=\"691058-731FA3CA-278E-417A-A8DD381885C63C23-1498881428303-CarViajedeSuenos-2048x2048\" \/><\/figure><\/div><div class=\"swiper-slide\" role=\"group\" aria-roledescription=\"slide\" aria-label=\"14 de 16\"><figure class=\"swiper-slide-inner\"><img decoding=\"async\" class=\"swiper-slide-image\" src=\"http:\/\/lapampastudio.com\/wp-content\/uploads\/2026\/03\/3000x3000-691058-F935D9FB-F0AF-410E-9513572C4EB7BB6A-0-5742084-YodiEseLugar-2048x2048-1-150x150.jpg\" alt=\"3000x3000-691058-F935D9FB-F0AF-410E-9513572C4EB7BB6A-0-5742084-YodiEseLugar-2048x2048\" \/><\/figure><\/div><div class=\"swiper-slide\" role=\"group\" aria-roledescription=\"slide\" aria-label=\"15 de 16\"><figure class=\"swiper-slide-inner\"><img decoding=\"async\" class=\"swiper-slide-image\" src=\"http:\/\/lapampastudio.com\/wp-content\/uploads\/2026\/03\/3000x3000-691058-B2B48051-1B17-4F94-BE9EF93875579539-1587979646155-PaqyesirvePortada-2048x2048-1-150x150.jpg\" alt=\"3000x3000-691058-B2B48051-1B17-4F94-BE9EF93875579539-1587979646155-PaqyesirvePortada-2048x2048\" \/><\/figure><\/div><div class=\"swiper-slide\" role=\"group\" aria-roledescription=\"slide\" aria-label=\"16 de 16\"><figure class=\"swiper-slide-inner\"><img decoding=\"async\" class=\"swiper-slide-image\" src=\"http:\/\/lapampastudio.com\/wp-content\/uploads\/2026\/03\/3000x3000-691058-78F0D181-00F9-4AA4-AABF7A41DD88ECB4-1586886423752-DSC49931-2048x2048-1-150x150.jpg\" alt=\"3000x3000-691058-78F0D181-00F9-4AA4-AABF7A41DD88ECB4-1586886423752-DSC49931-2048x2048\" \/><\/figure><\/div>\t\t\t<\/div>\n\t\t\t\t\t\t\t\t\t\t\t\t<div class=\"elementor-swiper-button elementor-swiper-button-prev\" role=\"button\" tabindex=\"0\">\n\t\t\t\t\t\t<svg aria-hidden=\"true\" class=\"e-font-icon-svg e-eicon-chevron-left\" viewBox=\"0 0 1000 1000\" xmlns=\"http:\/\/www.w3.org\/2000\/svg\"><path d=\"M646 125C629 125 613 133 604 142L308 442C296 454 292 471 292 487 292 504 296 521 308 533L604 854C617 867 629 875 646 875 663 875 679 871 692 858 704 846 713 829 713 812 713 796 708 779 692 767L438 487 692 225C700 217 708 204 708 187 708 171 704 154 692 142 675 129 663 125 646 125Z\"><\/path><\/svg>\t\t\t\t\t<\/div>\n\t\t\t\t\t<div class=\"elementor-swiper-button elementor-swiper-button-next\" role=\"button\" tabindex=\"0\">\n\t\t\t\t\t\t<svg aria-hidden=\"true\" class=\"e-font-icon-svg e-eicon-chevron-right\" viewBox=\"0 0 1000 1000\" xmlns=\"http:\/\/www.w3.org\/2000\/svg\"><path d=\"M696 533C708 521 713 504 713 487 713 471 708 454 696 446L400 146C388 133 375 125 354 125 338 125 325 129 313 142 300 154 292 171 292 187 292 204 296 221 308 233L563 492 304 771C292 783 288 800 288 817 288 833 296 850 308 863 321 871 338 875 354 875 371 875 388 867 400 854L696 533Z\"><\/path><\/svg>\t\t\t\t\t<\/div>\n\t\t\t\t\n\t\t\t\t\t\t\t\t\t<div class=\"swiper-pagination\"><\/div>\n\t\t\t\t\t\t\t\t\t<\/div>\n\t\t\t\t\t\t<\/div>\n\t\t\t\t<\/div>\n\t\t<div class=\"elementor-element elementor-element-7b16777b e-flex e-con-boxed e-con e-parent\" data-id=\"7b16777b\" data-element_type=\"container\" data-e-type=\"container\">\n\t\t\t\t\t<div class=\"e-con-inner\">\n\t\t\t\t<div class=\"elementor-element elementor-element-cd3f075 elementor-widget elementor-widget-text-editor\" data-id=\"cd3f075\" data-element_type=\"widget\" data-e-type=\"widget\" data-widget_type=\"text-editor.default\">\n\t\t\t\t\t\t\t\t\t<h2 style=\"text-align: center;\"><span style=\"color: #000000;\">PRODUCTIONS DISCOGRAPHIQUES R\u00c9ALIS\u00c9ES<\/span><\/h2>\t\t\t\t\t\t\t\t<\/div>\n\t\t\t\t<div class=\"elementor-element elementor-element-10da2674 elementor-widget elementor-widget-text-editor\" data-id=\"10da2674\" data-element_type=\"widget\" data-e-type=\"widget\" data-widget_type=\"text-editor.default\">\n\t\t\t\t\t\t\t\t\t\n<p class=\"has-text-align-left has-mono-2-color has-text-color has-superbfont-xsmall-font-size\"><span style=\"color: #000000;\"><strong>2025<\/strong>, Projet d\u2019ethnomusicologie \u00ab\u00a0Pariselva\u00a0\u00bb, Jean-Baptiste Soulard &amp; Julio Portilla (en cours de r\u00e9alisation)<\/span><\/p>\n<p><span style=\"color: #000000;\"><\/span><\/p>\n<p class=\"has-superbfont-xsmall-font-size\"><span style=\"color: #000000;\"><strong>2025<\/strong>, Enregistrement de bande originale et charangos, production C\u00e9zame<\/span><\/p>\n<p><span style=\"color: #000000;\"><\/span><\/p>\n<p class=\"has-superbfont-xsmall-font-size\"><span style=\"color: #000000;\"><strong>2025<\/strong>, Caminito,\u00a0Nuria Rovira Salat\u00a0<\/span><\/p>\n<p><span style=\"color: #000000;\"><\/span><\/p>\n<p class=\"has-superbfont-xsmall-font-size\"><span style=\"color: #000000;\"><strong>2025<\/strong>, Tanta Luz,\u00a0Nuria Rovira Salat &amp; Soufiane Dakki et Julio Portilla<\/span><\/p>\n<p><span style=\"color: #000000;\"><\/span><\/p>\n<p class=\"has-superbfont-xsmall-font-size\"><span style=\"color: #000000;\"><strong>2025<\/strong>,\u00a0Amor regresa,\u00a0GROUPE ILLAREK, P\u00e9rou<\/span><\/p>\n<p><span style=\"color: #000000;\"><\/span><\/p>\n<p class=\"has-superbfont-xsmall-font-size\"><span style=\"color: #000000;\"><strong>2024<\/strong>,\u00a0Beaus\u00e9jour, GOTAN PROJECT \/ chor\u00e9graphe Mourad Merzouki\u00a0<\/span><\/p>\n<p><span style=\"color: #000000;\"><\/span><\/p>\n<p class=\"has-superbfont-xsmall-font-size\"><span style=\"color: #000000;\"><strong>2024<\/strong>, L\u2019inconnu, GROUPE YODI, France<\/span><\/p>\n<p><span style=\"color: #000000;\"><\/span><\/p>\n<p class=\"has-superbfont-xsmall-font-size\"><span style=\"color: #000000;\"><strong>2024<\/strong>, Mundo Chachapoyas,\u00a0GROUPE ILLAREK, P\u00e9rou<\/span><\/p>\n<p><span style=\"color: #000000;\"><\/span><\/p>\n<p class=\"has-superbfont-xsmall-font-size\"><span style=\"color: #000000;\"><strong>2022<\/strong>,\u00a0Rapi\u00e9c\u00e9, Marie Charlotte Le\u00f3n, cie Laluberu<\/span><\/p>\n<p><span style=\"color: #000000;\"><\/span><\/p>\n<p class=\"has-superbfont-xsmall-font-size\"><span style=\"color: #000000;\"><strong>2021<\/strong>, De tu ciudad, GROUPE YODI, France<\/span><\/p>\n<p><span style=\"color: #000000;\"><\/span><\/p>\n<p class=\"has-superbfont-xsmall-font-size\"><span style=\"color: #000000;\"><strong>2020<\/strong>, Angelito, GROUPE YODI, France<\/span><\/p>\n<p><span style=\"color: #000000;\"><\/span><\/p>\n<p class=\"has-superbfont-xsmall-font-size\"><span style=\"color: #000000;\"><strong>2020<\/strong>,\u00a0\u00bfPa\u2019 qu\u00e9 sirve?,\u00a0GROUPE ILLAREK, P\u00e9rou<\/span><\/p>\n<p><span style=\"color: #000000;\"><\/span><\/p>\n<p class=\"has-superbfont-xsmall-font-size\"><span style=\"color: #000000;\"><strong>2020<\/strong>,\u00a0Volverte a enamorar,\u00a0GROUPE ILLAREK, P\u00e9rou<\/span><\/p>\n<p><span style=\"color: #000000;\"><\/span><\/p>\n<p class=\"has-superbfont-xsmall-font-size\"><span style=\"color: #000000;\"><strong>2018<\/strong>, LP Sans Armure, GROUPE YODI, France<\/span><\/p>\n<p><span style=\"color: #000000;\"><\/span><\/p>\n<p class=\"has-superbfont-xsmall-font-size\"><span style=\"color: #000000;\"><strong>2017<\/strong>, Charango sin fronteras, JULIO PORTILLA et INVIT\u00c9S, France<\/span><\/p>\n<p><span style=\"color: #000000;\"><\/span><\/p>\n<p class=\"has-superbfont-xsmall-font-size\"><span style=\"color: #000000;\"><strong>2016<\/strong>, LP ENTRE DOS AGUAS, France<\/span><\/p>\n<p><span style=\"color: #000000;\"><\/span><\/p>\n<p class=\"has-superbfont-xsmall-font-size\"><span style=\"color: #000000;\"><strong>2015<\/strong>, Mujer Campesina, ONG Nature And Culture International<\/span><\/p>\n<p><span style=\"color: #000000;\"><\/span><\/p>\n<p class=\"has-superbfont-xsmall-font-size\"><span style=\"color: #000000;\"><strong>2014<\/strong>, Presumed Dead in Paradise (Sound Track), Bande Originale r\u00e9alis\u00e9e par Jeff Toyne<\/span><\/p>\n<p><span style=\"color: #000000;\"><\/span><\/p>\n<p class=\"has-superbfont-xsmall-font-size\"><span style=\"color: #000000;\"><strong>2014<\/strong>, De las Nubes y su Letargo \/ Artiste : Marco Tuesta Arana, P\u00e9rou<\/span><\/p>\n<p><span style=\"color: #000000;\"><\/span><\/p>\n<p class=\"has-superbfont-xsmall-font-size\"><span style=\"color: #000000;\"><strong>2012<\/strong>, A\u00f1ejos y Vivos, GROUPE ILLAREK, P\u00e9rou<\/span><\/p>\n<p><span style=\"color: #000000;\"><\/span><\/p>\n<p class=\"has-superbfont-xsmall-font-size\"><span style=\"color: #000000;\"><strong>2008<\/strong>, K\u00faelap, cuando hablen tus piedras, Artiste : Jos\u00e9 Mercedes<\/span><\/p>\n<p><span style=\"color: #000000;\"><\/span><\/p>\n<p class=\"has-superbfont-xsmall-font-size\"><span style=\"color: #000000;\"><strong>2008<\/strong>, Viaje de Sue\u00f1os Vol II, GROUPE ILLAREK, P\u00e9rou<\/span><\/p>\n<p><span style=\"color: #000000;\"><\/span><\/p>\n<p class=\"has-text-align-left has-mono-2-color has-text-color has-superbfont-xsmall-font-size\"><span style=\"color: #000000;\"><strong>2006<\/strong>, Viaje de S<\/span>ue\u00f1os, GROUPE ILLAREK, P\u00e9rou<\/p>\n\t\t\t\t\t\t\t\t<\/div>\n\t\t\t\t\t<\/div>\n\t\t\t\t<\/div>\n\t\t\t\t<\/div>\n\t\t","protected":false},"excerpt":{"rendered":"<p>PRODUCTIONS DISCOGRAPHIQUES R\u00c9ALIS\u00c9ES 2025, Projet d\u2019ethnomusicologie \u00ab\u00a0Pariselva\u00a0\u00bb, Jean-Baptiste Soulard &amp; Julio Portilla (en cours de r\u00e9alisation) 2025, Enregistrement de bande originale et charangos, production C\u00e9zame 2025, Caminito,\u00a0Nuria Rovira Salat\u00a0 2025, Tanta Luz,\u00a0Nuria Rovira Salat &amp; Soufiane Dakki et Julio Portilla 2025,\u00a0Amor regresa,\u00a0GROUPE ILLAREK, P\u00e9rou 2024,\u00a0Beaus\u00e9jour, GOTAN PROJECT \/ chor\u00e9graphe Mourad Merzouki\u00a0 2024, L\u2019inconnu, GROUPE YODI, [&hellip;]<\/p>\n","protected":false},"author":1,"featured_media":0,"parent":0,"menu_order":0,"comment_status":"closed","ping_status":"closed","template":"","meta":{"footnotes":""},"class_list":["post-60","page","type-page","status-publish","hentry"],"_links":{"self":[{"href":"https:\/\/lapampastudio.com\/index.php?rest_route=\/wp\/v2\/pages\/60","targetHints":{"allow":["GET"]}}],"collection":[{"href":"https:\/\/lapampastudio.com\/index.php?rest_route=\/wp\/v2\/pages"}],"about":[{"href":"https:\/\/lapampastudio.com\/index.php?rest_route=\/wp\/v2\/types\/page"}],"author":[{"embeddable":true,"href":"https:\/\/lapampastudio.com\/index.php?rest_route=\/wp\/v2\/users\/1"}],"replies":[{"embeddable":true,"href":"https:\/\/lapampastudio.com\/index.php?rest_route=%2Fwp%2Fv2%2Fcomments&post=60"}],"version-history":[{"count":76,"href":"https:\/\/lapampastudio.com\/index.php?rest_route=\/wp\/v2\/pages\/60\/revisions"}],"predecessor-version":[{"id":324,"href":"https:\/\/lapampastudio.com\/index.php?rest_route=\/wp\/v2\/pages\/60\/revisions\/324"}],"wp:attachment":[{"href":"https:\/\/lapampastudio.com\/index.php?rest_route=%2Fwp%2Fv2%2Fmedia&parent=60"}],"curies":[{"name":"wp","href":"https:\/\/api.w.org\/{rel}","templated":true}]}}